{"id":1191,"date":"2024-11-08T13:08:49","date_gmt":"2024-11-08T13:08:49","guid":{"rendered":"https:\/\/stoa.eng.br\/site\/?page_id=1191"},"modified":"2024-11-16T23:41:05","modified_gmt":"2024-11-16T23:41:05","slug":"nossas-solucoes","status":"publish","type":"page","link":"https:\/\/stoa.eng.br\/site\/?page_id=1191","title":{"rendered":"Nossas Solu\u00e7\u00f5es"},"content":{"rendered":"\t\t<div data-elementor-type=\"wp-page\" data-elementor-id=\"1191\" class=\"elementor elementor-1191\">\n\t\t\t\t<div class=\"elementor-element elementor-element-62bf394 e-flex e-con-boxed e-con e-parent\" data-id=\"62bf394\" data-element_type=\"container\" data-settings=\"{&quot;background_background&quot;:&quot;classic&quot;}\">\n\t\t\t\t\t<div class=\"e-con-inner\">\n\t\t\t\t<div class=\"elementor-element elementor-element-669db50 elementor-widget elementor-widget-heading\" data-id=\"669db50\" data-element_type=\"widget\" data-widget_type=\"heading.default\">\n\t\t\t\t<div class=\"elementor-widget-container\">\n\t\t\t<h2 class=\"elementor-heading-title elementor-size-default\">Nossas Solu\u00e7\u00f5es<\/h2>\t\t<\/div>\n\t\t\t\t<\/div>\n\t\t\t\t\t<\/div>\n\t\t\t\t<\/div>\n\t\t<div class=\"elementor-element elementor-element-48d7679 e-flex e-con-boxed e-con e-parent\" data-id=\"48d7679\" data-element_type=\"container\">\n\t\t\t\t\t<div class=\"e-con-inner\">\n\t\t<div class=\"elementor-element elementor-element-1e9cfa7 e-con-full e-flex e-con e-child\" data-id=\"1e9cfa7\" data-element_type=\"container\">\n\t\t<div class=\"elementor-element elementor-element-f657839 e-con-full e-flex e-con e-child\" data-id=\"f657839\" data-element_type=\"container\">\n\t\t\t\t<div class=\"elementor-element elementor-element-a8c4998 elementor-widget elementor-widget-heading\" data-id=\"a8c4998\" data-element_type=\"widget\" data-widget_type=\"heading.default\">\n\t\t\t\t<div class=\"elementor-widget-container\">\n\t\t\t<h6 class=\"elementor-heading-title elementor-size-default\">El\u00e9trica de Loteamentos<\/h6>\t\t<\/div>\n\t\t\t\t<\/div>\n\t\t\t\t<div class=\"elementor-element elementor-element-202201c elementor-widget elementor-widget-text-editor\" data-id=\"202201c\" data-element_type=\"widget\" data-widget_type=\"text-editor.default\">\n\t\t\t\t<div class=\"elementor-widget-container\">\n\t\t\t\t\t\t\tOferecemos solu\u00e7\u00f5es el\u00e9tricas completas para loteamentos, garantindo que as redes el\u00e9tricas sejam projetadas e instaladas de maneira eficiente, segura e confi\u00e1vel.\t\t\t\t\t\t<\/div>\n\t\t\t\t<\/div>\n\t\t\t\t<\/div>\n\t\t<div class=\"elementor-element elementor-element-98f1da6 e-con-full e-flex e-con e-child\" data-id=\"98f1da6\" data-element_type=\"container\">\n\t\t\t\t<div class=\"elementor-element elementor-element-563117a elementor-widget elementor-widget-heading\" data-id=\"563117a\" data-element_type=\"widget\" data-widget_type=\"heading.default\">\n\t\t\t\t<div class=\"elementor-widget-container\">\n\t\t\t<h6 class=\"elementor-heading-title elementor-size-default\">El\u00e9trica de Condom\u00ednios<\/h6>\t\t<\/div>\n\t\t\t\t<\/div>\n\t\t\t\t<div class=\"elementor-element elementor-element-53ad18e elementor-widget elementor-widget-text-editor\" data-id=\"53ad18e\" data-element_type=\"widget\" data-widget_type=\"text-editor.default\">\n\t\t\t\t<div class=\"elementor-widget-container\">\n\t\t\t\t\t\t\tFornecemos servi\u00e7os el\u00e9tricos abrangentes para condom\u00ednios, incluindo manuten\u00e7\u00e3o, reparos e atualiza\u00e7\u00f5es para garantir a opera\u00e7\u00e3o tranquila de instala\u00e7\u00f5es el\u00e9tricas.\t\t\t\t\t\t<\/div>\n\t\t\t\t<\/div>\n\t\t\t\t<\/div>\n\t\t<div class=\"elementor-element elementor-element-1e79c02 e-con-full e-flex e-con e-child\" data-id=\"1e79c02\" data-element_type=\"container\">\n\t\t\t\t<div class=\"elementor-element elementor-element-4dba32c elementor-widget elementor-widget-heading\" data-id=\"4dba32c\" data-element_type=\"widget\" data-widget_type=\"heading.default\">\n\t\t\t\t<div class=\"elementor-widget-container\">\n\t\t\t<h6 class=\"elementor-heading-title elementor-size-default\">Ilumina\u00e7\u00e3o de Monumentos Hist\u00f3ricos<\/h6>\t\t<\/div>\n\t\t\t\t<\/div>\n\t\t\t\t<div class=\"elementor-element elementor-element-7af21d8 elementor-widget elementor-widget-text-editor\" data-id=\"7af21d8\" data-element_type=\"widget\" data-widget_type=\"text-editor.default\">\n\t\t\t\t<div class=\"elementor-widget-container\">\n\t\t\t\t\t\t\tEspecializamo-nos em ilumina\u00e7\u00e3o art\u00edstica de monumentos hist\u00f3ricos, real\u00e7ando sua beleza \u00e0 noite e preservando sua integridade.\t\t\t\t\t\t<\/div>\n\t\t\t\t<\/div>\n\t\t\t\t<\/div>\n\t\t\t\t<\/div>\n\t\t<div class=\"elementor-element elementor-element-47b0cf8 e-con-full e-flex e-con e-child\" data-id=\"47b0cf8\" data-element_type=\"container\">\n\t\t<div class=\"elementor-element elementor-element-fa21ac8 e-con-full e-flex e-con e-child\" data-id=\"fa21ac8\" data-element_type=\"container\">\n\t\t\t\t<div class=\"elementor-element elementor-element-435d12d elementor-widget elementor-widget-heading\" data-id=\"435d12d\" data-element_type=\"widget\" data-widget_type=\"heading.default\">\n\t\t\t\t<div class=\"elementor-widget-container\">\n\t\t\t<h6 class=\"elementor-heading-title elementor-size-default\">Redes<br>El\u00e9tricas<\/h6>\t\t<\/div>\n\t\t\t\t<\/div>\n\t\t\t\t<div class=\"elementor-element elementor-element-0c3a325 elementor-widget elementor-widget-text-editor\" data-id=\"0c3a325\" data-element_type=\"widget\" data-widget_type=\"text-editor.default\">\n\t\t\t\t<div class=\"elementor-widget-container\">\n\t\t\t\t\t\t\tCriamos ilumina\u00e7\u00e3o espetacular para eventos especiais, desde casamentos a eventos corporativos, adicionando um toque m\u00e1gico a qualquer ocasi\u00e3o.\t\t\t\t\t\t<\/div>\n\t\t\t\t<\/div>\n\t\t\t\t<\/div>\n\t\t<div class=\"elementor-element elementor-element-c054316 e-con-full e-flex e-con e-child\" data-id=\"c054316\" data-element_type=\"container\">\n\t\t\t\t<div class=\"elementor-element elementor-element-ded987a elementor-widget elementor-widget-heading\" data-id=\"ded987a\" data-element_type=\"widget\" data-widget_type=\"heading.default\">\n\t\t\t\t<div class=\"elementor-widget-container\">\n\t\t\t<h6 class=\"elementor-heading-title elementor-size-default\">Ilumina\u00e7\u00e3o de Eventos<\/h6>\t\t<\/div>\n\t\t\t\t<\/div>\n\t\t\t\t<div class=\"elementor-element elementor-element-e40987f elementor-widget elementor-widget-text-editor\" data-id=\"e40987f\" data-element_type=\"widget\" data-widget_type=\"text-editor.default\">\n\t\t\t\t<div class=\"elementor-widget-container\">\n\t\t\t\t\t\t\tCriamos ilumina\u00e7\u00e3o espetacular para eventos especiais, desde casamentos a eventos corporativos, adicionando um toque m\u00e1gico a qualquer ocasi\u00e3o.\t\t\t\t\t\t<\/div>\n\t\t\t\t<\/div>\n\t\t\t\t<\/div>\n\t\t<div class=\"elementor-element elementor-element-23184a3 e-con-full e-flex e-con e-child\" data-id=\"23184a3\" data-element_type=\"container\">\n\t\t\t\t<div class=\"elementor-element elementor-element-29151fd elementor-widget elementor-widget-heading\" data-id=\"29151fd\" data-element_type=\"widget\" data-widget_type=\"heading.default\">\n\t\t\t\t<div class=\"elementor-widget-container\">\n\t\t\t<h6 class=\"elementor-heading-title elementor-size-default\">Ilumina\u00e7\u00e3o<br>P\u00fablica<\/h6>\t\t<\/div>\n\t\t\t\t<\/div>\n\t\t\t\t<div class=\"elementor-element elementor-element-bafaad6 elementor-widget elementor-widget-text-editor\" data-id=\"bafaad6\" data-element_type=\"widget\" data-widget_type=\"text-editor.default\">\n\t\t\t\t<div class=\"elementor-widget-container\">\n\t\t\t\t\t\t\tFornecemos ilumina\u00e7\u00e3o p\u00fablica eficiente e segura para comunidades, promovendo a seguran\u00e7a e a qualidade de vida dos cidad\u00e3os.\t\t\t\t\t\t<\/div>\n\t\t\t\t<\/div>\n\t\t\t\t<\/div>\n\t\t\t\t<\/div>\n\t\t<div class=\"elementor-element elementor-element-ebf71a7 e-con-full e-flex e-con e-child\" data-id=\"ebf71a7\" data-element_type=\"container\">\n\t\t<div class=\"elementor-element elementor-element-ff88d4f e-con-full e-flex e-con e-child\" data-id=\"ff88d4f\" data-element_type=\"container\">\n\t\t\t\t<div class=\"elementor-element elementor-element-da976d9 elementor-widget elementor-widget-heading\" data-id=\"da976d9\" data-element_type=\"widget\" data-widget_type=\"heading.default\">\n\t\t\t\t<div class=\"elementor-widget-container\">\n\t\t\t<h6 class=\"elementor-heading-title elementor-size-default\">Energia Alternativa com Gerador<\/h6>\t\t<\/div>\n\t\t\t\t<\/div>\n\t\t\t\t<div class=\"elementor-element elementor-element-4c8d2cd elementor-widget elementor-widget-text-editor\" data-id=\"4c8d2cd\" data-element_type=\"widget\" data-widget_type=\"text-editor.default\">\n\t\t\t\t<div class=\"elementor-widget-container\">\n\t\t\t\t\t\t\tNossas solu\u00e7\u00f5es de ilumina\u00e7\u00e3o destacam a arquitetura e a espiritualidade de monumentos religiosos, proporcionando atmosfera e destaque noturno.\t\t\t\t\t\t<\/div>\n\t\t\t\t<\/div>\n\t\t\t\t<\/div>\n\t\t<div class=\"elementor-element elementor-element-623fd5e e-con-full e-flex e-con e-child\" data-id=\"623fd5e\" data-element_type=\"container\">\n\t\t\t\t<div class=\"elementor-element elementor-element-8ba6d3f elementor-widget elementor-widget-heading\" data-id=\"8ba6d3f\" data-element_type=\"widget\" data-widget_type=\"heading.default\">\n\t\t\t\t<div class=\"elementor-widget-container\">\n\t\t\t<h6 class=\"elementor-heading-title elementor-size-default\">Manuten\u00e7\u00e3o de Subesta\u00e7\u00f5es<\/h6>\t\t<\/div>\n\t\t\t\t<\/div>\n\t\t\t\t<div class=\"elementor-element elementor-element-aff576b elementor-widget elementor-widget-text-editor\" data-id=\"aff576b\" data-element_type=\"widget\" data-widget_type=\"text-editor.default\">\n\t\t\t\t<div class=\"elementor-widget-container\">\n\t\t\t\t\t\t\tFornecemos ilumina\u00e7\u00e3o p\u00fablica eficiente e segura para comunidades, promovendo a seguran\u00e7a e a qualidade de vida dos cidad\u00e3os.\t\t\t\t\t\t<\/div>\n\t\t\t\t<\/div>\n\t\t\t\t<\/div>\n\t\t<div class=\"elementor-element elementor-element-7ab1146 e-con-full e-flex e-con e-child\" data-id=\"7ab1146\" data-element_type=\"container\">\n\t\t\t\t<div class=\"elementor-element elementor-element-bcffda0 elementor-widget elementor-widget-heading\" data-id=\"bcffda0\" data-element_type=\"widget\" data-widget_type=\"heading.default\">\n\t\t\t\t<div class=\"elementor-widget-container\">\n\t\t\t<h6 class=\"elementor-heading-title elementor-size-default\">Ilumina\u00e7\u00e3o de Monumentos Religiosos<\/h6>\t\t<\/div>\n\t\t\t\t<\/div>\n\t\t\t\t<div class=\"elementor-element elementor-element-ca15a91 elementor-widget elementor-widget-text-editor\" data-id=\"ca15a91\" data-element_type=\"widget\" data-widget_type=\"text-editor.default\">\n\t\t\t\t<div class=\"elementor-widget-container\">\n\t\t\t\t\t\t\tNossas solu\u00e7\u00f5es de ilumina\u00e7\u00e3o destacam a arquitetura e a espiritualidade de monumentos religiosos, proporcionando atmosfera e destaque noturno.\t\t\t\t\t\t<\/div>\n\t\t\t\t<\/div>\n\t\t\t\t<\/div>\n\t\t\t\t<\/div>\n\t\t\t\t\t<\/div>\n\t\t\t\t<\/div>\n\t\t\t\t<\/div>\n\t\t","protected":false},"excerpt":{"rendered":"<p>Nossas Solu\u00e7\u00f5es El\u00e9trica de Loteamentos Oferecemos solu\u00e7\u00f5es el\u00e9tricas completas para loteamentos, garantindo que as redes el\u00e9tricas sejam projetadas e instaladas de maneira eficiente, segura e confi\u00e1vel. El\u00e9trica de Condom\u00ednios Fornecemos servi\u00e7os el\u00e9tricos abrangentes para condom\u00ednios, incluindo manuten\u00e7\u00e3o, reparos e atualiza\u00e7\u00f5es para garantir a opera\u00e7\u00e3o tranquila de instala\u00e7\u00f5es el\u00e9tricas. Ilumina\u00e7\u00e3o de Monumentos Hist\u00f3ricos Especializamo-nos em ilumina\u00e7\u00e3o [&hellip;]<\/p>\n","protected":false},"author":1,"featured_media":0,"parent":0,"menu_order":0,"comment_status":"closed","ping_status":"closed","template":"elementor_header_footer","meta":{"site-sidebar-layout":"no-sidebar","site-content-layout":"page-builder","ast-site-content-layout":"full-width-container","site-content-style":"default","site-sidebar-style":"default","ast-global-header-display":"","ast-banner-title-visibility":"","ast-main-header-display":"","ast-hfb-above-header-display":"","ast-hfb-below-header-display":"","ast-hfb-mobile-header-display":"","site-post-title":"disabled","ast-breadcrumbs-content":"","ast-featured-img":"disabled","footer-sml-layout":"","theme-transparent-header-meta":"default","adv-header-id-meta":"","stick-header-meta":"","header-above-stick-meta":"","header-main-stick-meta":"","header-below-stick-meta":"","astra-migrate-meta-layouts":"set","ast-page-background-enabled":"default","ast-page-background-meta":{"desktop":{"background-color":"var(--ast-global-color-4)","background-image":"","background-repeat":"repeat","background-position":"center center","background-size":"auto","background-attachment":"scroll","background-type":"","background-media":"","overlay-type":"","overlay-color":"","overlay-opacity":"","overlay-gradient":""},"tablet":{"background-color":"","background-image":"","background-repeat":"repeat","background-position":"center center","background-size":"auto","background-attachment":"scroll","background-type":"","background-media":"","overlay-type":"","overlay-color":"","overlay-opacity":"","overlay-gradient":""},"mobile":{"background-color":"","background-image":"","background-repeat":"repeat","background-position":"center center","background-size":"auto","background-attachment":"scroll","background-type":"","background-media":"","overlay-type":"","overlay-color":"","overlay-opacity":"","overlay-gradient":""}},"ast-content-background-meta":{"desktop":{"background-color":"var(--ast-global-color-5)","background-image":"","background-repeat":"repeat","background-position":"center center","background-size":"auto","background-attachment":"scroll","background-type":"","background-media":"","overlay-type":"","overlay-color":"","overlay-opacity":"","overlay-gradient":""},"tablet":{"background-color":"var(--ast-global-color-5)","background-image":"","background-repeat":"repeat","background-position":"center center","background-size":"auto","background-attachment":"scroll","background-type":"","background-media":"","overlay-type":"","overlay-color":"","overlay-opacity":"","overlay-gradient":""},"mobile":{"background-color":"var(--ast-global-color-5)","background-image":"","background-repeat":"repeat","background-position":"center center","background-size":"auto","background-attachment":"scroll","background-type":"","background-media":"","overlay-type":"","overlay-color":"","overlay-opacity":"","overlay-gradient":""}},"footnotes":""},"class_list":["post-1191","page","type-page","status-publish","hentry"],"_links":{"self":[{"href":"https:\/\/stoa.eng.br\/site\/index.php?rest_route=\/wp\/v2\/pages\/1191","targetHints":{"allow":["GET"]}}],"collection":[{"href":"https:\/\/stoa.eng.br\/site\/index.php?rest_route=\/wp\/v2\/pages"}],"about":[{"href":"https:\/\/stoa.eng.br\/site\/index.php?rest_route=\/wp\/v2\/types\/page"}],"author":[{"embeddable":true,"href":"https:\/\/stoa.eng.br\/site\/index.php?rest_route=\/wp\/v2\/users\/1"}],"replies":[{"embeddable":true,"href":"https:\/\/stoa.eng.br\/site\/index.php?rest_route=%2Fwp%2Fv2%2Fcomments&post=1191"}],"version-history":[{"count":28,"href":"https:\/\/stoa.eng.br\/site\/index.php?rest_route=\/wp\/v2\/pages\/1191\/revisions"}],"predecessor-version":[{"id":1517,"href":"https:\/\/stoa.eng.br\/site\/index.php?rest_route=\/wp\/v2\/pages\/1191\/revisions\/1517"}],"wp:attachment":[{"href":"https:\/\/stoa.eng.br\/site\/index.php?rest_route=%2Fwp%2Fv2%2Fmedia&parent=1191"}],"curies":[{"name":"wp","href":"https:\/\/api.w.org\/{rel}","templated":true}]}}